{"id":1514,"date":"2019-04-07T10:17:38","date_gmt":"2019-04-07T10:17:38","guid":{"rendered":"https:\/\/www.pathlessyoga.com\/joan-ruvinsky\/"},"modified":"2019-07-27T17:46:06","modified_gmt":"2019-07-27T17:46:06","slug":"joan-ruvinsky","status":"publish","type":"page","link":"https:\/\/www.pathlessyoga.com\/fr\/joan-ruvinsky\/","title":{"rendered":"Joan Ruvinsky"},"content":{"rendered":"<p>[fusion_builder_container admin_label=&#8221;Hero&#8221; hundred_percent=&#8221;no&#8221; hundred_percent_height=&#8221;no&#8221; hundred_percent_height_scroll=&#8221;no&#8221; hundred_percent_height_center_content=&#8221;yes&#8221; equal_height_columns=&#8221;no&#8221; menu_anchor=&#8221;&#8221; hide_on_mobile=&#8221;small-visibility,medium-visibility,large-visibility&#8221; status=&#8221;published&#8221; publish_date=&#8221;&#8221; class=&#8221;&#8221; id=&#8221;&#8221; background_color=&#8221;&#8221; background_image=&#8221;https:\/\/www.pathlessyoga.com\/wp-content\/uploads\/2019\/04\/Joans-page.jpg&#8221; background_position=&#8221;center center&#8221; background_repeat=&#8221;no-repeat&#8221; fade=&#8221;no&#8221; background_parallax=&#8221;up&#8221; enable_mobile=&#8221;no&#8221; parallax_speed=&#8221;0.2&#8243; video_mp4=&#8221;&#8221; video_webm=&#8221;&#8221; video_ogv=&#8221;&#8221; video_url=&#8221;&#8221; video_aspect_ratio=&#8221;16:9&#8243; video_loop=&#8221;yes&#8221; video_mute=&#8221;yes&#8221; video_preview_image=&#8221;&#8221; border_size=&#8221;&#8221; border_color=&#8221;&#8221; border_style=&#8221;solid&#8221; margin_top=&#8221;&#8221; margin_bottom=&#8221;&#8221; padding_top=&#8221;150&#8243; padding_right=&#8221;&#8221; padding_bottom=&#8221;150&#8243; padding_left=&#8221;&#8221;][fusion_builder_row][fusion_builder_column type=&#8221;1_1&#8243; layout=&#8221;1_1&#8243; spacing=&#8221;&#8221; center_content=&#8221;no&#8221; link=&#8221;&#8221; target=&#8221;_self&#8221; min_height=&#8221;&#8221; hide_on_mobile=&#8221;small-visibility,medium-visibility,large-visibility&#8221; class=&#8221;&#8221; id=&#8221;&#8221; background_image_id=&#8221;&#8221; background_color=&#8221;&#8221; background_image=&#8221;&#8221; background_position=&#8221;left top&#8221; undefined=&#8221;&#8221; background_repeat=&#8221;no-repeat&#8221; hover_type=&#8221;none&#8221; border_size=&#8221;0&#8243; border_color=&#8221;&#8221; border_style=&#8221;solid&#8221; border_position=&#8221;all&#8221; padding_top=&#8221;&#8221; padding_right=&#8221;&#8221; padding_bottom=&#8221;&#8221; padding_left=&#8221;&#8221; margin_top=&#8221;&#8221; margin_bottom=&#8221;&#8221; animation_type=&#8221;fade&#8221; animation_direction=&#8221;left&#8221; animation_speed=&#8221;0.6&#8243; animation_offset=&#8221;&#8221; last=&#8221;no&#8221;][\/fusion_builder_column][\/fusion_builder_row][\/fusion_builder_container][fusion_builder_container admin_label=&#8221;read&#8221; hundred_percent=&#8221;no&#8221; hundred_percent_height=&#8221;no&#8221; hundred_percent_height_scroll=&#8221;no&#8221; hundred_percent_height_center_content=&#8221;yes&#8221; equal_height_columns=&#8221;no&#8221; menu_anchor=&#8221;&#8221; hide_on_mobile=&#8221;small-visibility,medium-visibility,large-visibility&#8221; status=&#8221;published&#8221; publish_date=&#8221;&#8221; class=&#8221;&#8221; id=&#8221;read_content&#8221; background_color=&#8221;#21232b&#8221; background_image=&#8221;&#8221; background_position=&#8221;center center&#8221; background_repeat=&#8221;no-repeat&#8221; fade=&#8221;no&#8221; background_parallax=&#8221;none&#8221; enable_mobile=&#8221;no&#8221; parallax_speed=&#8221;0.3&#8243; video_mp4=&#8221;&#8221; video_webm=&#8221;&#8221; video_ogv=&#8221;&#8221; video_url=&#8221;&#8221; video_aspect_ratio=&#8221;16:9&#8243; video_loop=&#8221;yes&#8221; video_mute=&#8221;yes&#8221; video_preview_image=&#8221;&#8221; border_size=&#8221;&#8221; border_color=&#8221;&#8221; border_style=&#8221;solid&#8221; margin_top=&#8221;&#8221; margin_bottom=&#8221;&#8221; padding_top=&#8221;80px&#8221; padding_right=&#8221;&#8221; padding_bottom=&#8221;80px&#8221; padding_left=&#8221;&#8221;][fusion_builder_row][fusion_builder_column type=&#8221;1_4&#8243; layout=&#8221;1_4&#8243; spacing=&#8221;&#8221; center_content=&#8221;no&#8221; link=&#8221;&#8221; target=&#8221;_self&#8221; min_height=&#8221;&#8221; hide_on_mobile=&#8221;small-visibility,medium-visibility,large-visibility&#8221; class=&#8221;&#8221; id=&#8221;&#8221; background_image_id=&#8221;&#8221; background_color=&#8221;&#8221; background_image=&#8221;&#8221; background_position=&#8221;left top&#8221; undefined=&#8221;&#8221; background_repeat=&#8221;no-repeat&#8221; hover_type=&#8221;none&#8221; border_size=&#8221;0&#8243; border_color=&#8221;&#8221; border_style=&#8221;solid&#8221; border_position=&#8221;all&#8221; border_radius_top_left=&#8221;&#8221; border_radius_top_right=&#8221;&#8221; border_radius_bottom_left=&#8221;&#8221; border_radius_bottom_right=&#8221;&#8221; box_shadow=&#8221;no&#8221; box_shadow_vertical=&#8221;&#8221; box_shadow_horizontal=&#8221;&#8221; box_shadow_blur=&#8221;&#8221; box_shadow_spread=&#8221;&#8221; box_shadow_color=&#8221;&#8221; box_shadow_style=&#8221;&#8221; padding_top=&#8221;&#8221; padding_right=&#8221;&#8221; padding_bottom=&#8221;&#8221; padding_left=&#8221;&#8221; margin_top=&#8221;&#8221; margin_bottom=&#8221;&#8221; animation_type=&#8221;&#8221; animation_direction=&#8221;left&#8221; animation_speed=&#8221;0.6&#8243; animation_offset=&#8221;&#8221; last=&#8221;no&#8221;][fusion_text columns=&#8221;&#8221; column_min_width=&#8221;&#8221; column_spacing=&#8221;&#8221; rule_style=&#8221;default&#8221; rule_size=&#8221;&#8221; rule_color=&#8221;&#8221; hide_on_mobile=&#8221;small-visibility,medium-visibility,large-visibility&#8221; class=&#8221;&#8221; id=&#8221;sidestick&#8221;][fusion_one_page_text_link link=&#8221;#interview&#8221; class=&#8221;&#8221; id=&#8221;&#8221;]entrevue[\/fusion_one_page_text_link][br][fusion_one_page_text_link link=&#8221;#article&#8221; class=&#8221;&#8221; id=&#8221;&#8221;]article[\/fusion_one_page_text_link][br][fusion_one_page_text_link link=&#8221;#videos&#8221; class=&#8221;&#8221; id=&#8221;&#8221;]vid\u00e9os[\/fusion_one_page_text_link][br][fusion_one_page_text_link link=&#8221;#books&#8221; class=&#8221;&#8221; id=&#8221;&#8221;]livres[\/fusion_one_page_text_link][br][\/fusion_text][\/fusion_builder_column][fusion_builder_column type=&#8221;3_4&#8243; layout=&#8221;1_2&#8243; spacing=&#8221;&#8221; center_content=&#8221;no&#8221; link=&#8221;&#8221; target=&#8221;_self&#8221; min_height=&#8221;&#8221; hide_on_mobile=&#8221;small-visibility,medium-visibility,large-visibility&#8221; class=&#8221;&#8221; id=&#8221;&#8221; background_color=&#8221;&#8221; background_image=&#8221;&#8221; background_image_id=&#8221;&#8221; background_position=&#8221;left top&#8221; background_repeat=&#8221;no-repeat&#8221; hover_type=&#8221;none&#8221; border_size=&#8221;0&#8243; border_color=&#8221;&#8221; border_style=&#8221;solid&#8221; border_position=&#8221;all&#8221; border_radius=&#8221;&#8221; box_shadow=&#8221;no&#8221; dimension_box_shadow=&#8221;&#8221; box_shadow_blur=&#8221;0&#8243; box_shadow_spread=&#8221;0&#8243; box_shadow_color=&#8221;&#8221; box_shadow_style=&#8221;&#8221; padding_top=&#8221;&#8221; padding_right=&#8221;&#8221; padding_bottom=&#8221;&#8221; padding_left=&#8221;&#8221; margin_top=&#8221;&#8221; margin_bottom=&#8221;&#8221; animation_type=&#8221;&#8221; animation_direction=&#8221;left&#8221; animation_speed=&#8221;0.3&#8243; animation_offset=&#8221;&#8221; last=&#8221;no&#8221;][fusion_menu_anchor name=&#8221;top&#8221; class=&#8221;&#8221; \/][fusion_text columns=&#8221;&#8221; column_min_width=&#8221;&#8221; column_spacing=&#8221;&#8221; rule_style=&#8221;default&#8221; rule_size=&#8221;&#8221; rule_color=&#8221;&#8221; hide_on_mobile=&#8221;small-visibility,medium-visibility,large-visibility&#8221; class=&#8221;p2&#8243; id=&#8221;&#8221;]<\/p>\n<h2>joan ruvinsky<\/h2>\n<p>Apr\u00e8s avoir frapp\u00e9 plusieurs murs dans le projet de trouver une voie, et apr\u00e8s avoir accumul\u00e9, de-\u00e7i de-l\u00e0, des certifications dans plusieurs lign\u00e9es de yoga, Joan Ruvinsky s\u2019est vue ramen\u00e9e \u00e0 la solitude des montagnes. L\u00e0, dans les montagnes du sud-ouest des \u00c9tats-Unis, ce qui a \u00e9t\u00e9 reconnu l\u2019a men\u00e9e, en 1989, \u00e0 la rencontre de Jean Klein. Ce dernier, ne s\u2019\u00e9tant jamais consid\u00e9r\u00e9 comme un enseignant, \u00e9liminait le besoin d\u2019\u00eatre \u00e9tudiant, d\u2019avoir une voie, une m\u00e9thode ou un but. Enfin chez elle dans cette sagesse des enseignements non-duels, Joan a offert des satsang, du yoga du ressenti du corps et du souffle de la voie sans voie, ainsi que des groupes d\u2019\u00e9tudes, en anglais et en fran\u00e7ais, \u00e0 son centre \u00e0 Montr\u00e9al ainsi que lors de retraites et s\u00e9minaires au Canada et aux \u00c9tats-Unis. Elle est l\u2019auteur de<em> The Recognition of Our Own Heart : Pratyabhij\u00f1hrdayam<\/em> et du recueil de po\u00e9sie <em>This Wind<\/em>.<\/p>\n<p>[\/fusion_text][fusion_separator style_type=&#8221;single solid&#8221; hide_on_mobile=&#8221;small-visibility,medium-visibility,large-visibility&#8221; class=&#8221;&#8221; id=&#8221;&#8221; sep_color=&#8221;&#8221; top_margin=&#8221;&#8221; bottom_margin=&#8221;&#8221; border_size=&#8221;&#8221; icon=&#8221;&#8221; icon_circle=&#8221;&#8221; icon_circle_color=&#8221;&#8221; width=&#8221;&#8221; alignment=&#8221;center&#8221; \/][fusion_menu_anchor name=&#8221;interview&#8221; class=&#8221;&#8221; \/][fusion_text columns=&#8221;&#8221; column_min_width=&#8221;&#8221; column_spacing=&#8221;&#8221; rule_style=&#8221;default&#8221; rule_size=&#8221;&#8221; rule_color=&#8221;&#8221; hide_on_mobile=&#8221;small-visibility,medium-visibility,large-visibility&#8221; class=&#8221;p2&#8243; id=&#8221;&#8221;]<\/p>\n<h2>entrevue avec joan ruvinsky<\/h2>\n<p><em>Extrait d\u2019un article dans Yoga Mondo, mars 2008, par Jean-Claude Leblond<\/em><\/p>\n<p><strong>Le vaste champ de la pure conscience, une rencontre avec Joan Ruvinsky<\/strong><\/p>\n<p>\u00ab \u2026.. Am\u00e9ricaine d\u2019origine et Canadienne d\u2019adoption, celle-ci est bien connue des milieux francophone et anglophone de Montr\u00e9al. Dans son centre, Pathless Yoga \u2013 La voie sans voie, elle donne son enseignement et dirige des retraites de yoga dans les deux langues avec un \u00e9gal bonheur. Elle \u0153uvre \u00e9galement beaucoup aux Etats-Unis.<\/p>\n<p>la voie sans voie &#8211; cours et retraites de yoga non duelle avec Joan Ruvinsky &#8211; Montreal, Quebec\u00c0 mesure qu\u2019elle parle, je me rends compte que j\u2019ai devant moi une personne qui sort du commun, \u00e0 la fois par le ton pos\u00e9 de sa voix, par la ma\u00eetrise de son expression et par l\u2019extraordinaire bagage de connaissance et d\u2019exp\u00e9rience qu\u2019elle porte en elle. Dipl\u00f4m\u00e9e en physique de l\u2019universit\u00e9 McGill, Joan Ruvinsky a \u00e9tudi\u00e9 le yoga, c\u2019est-\u00e0-dire, a r\u00e9alis\u00e9 progressivement le yoga \u00e0 travers plusieurs approches fort diff\u00e9rentes les unes des autres. \u00ab Mon premier professeur fut Krysia Gallien ici \u00e0 Montr\u00e9al. Par la suite, j\u2019ai travaill\u00e9 avec Swami Shantananda \u00e0 L\u2019Institut de Yoga Int\u00e9gral et l\u2019approche Viniyoga avec Claude Mar\u00e9chal. Et puis, aux Etats-Unis, j\u2019ai obtenu ma certification entre autres du Integral Yoga, de l\u2019Integrative Yoga Therapy et du Yoga Alliance en tant que E-RYT500. Dans l\u2019ensemble, ajoute-t-elle, j\u2019ai touch\u00e9 \u00e0 une pl\u00e9thore de m\u00e9thodes et d\u2019orientations qui m\u2019ont apport\u00e9 beaucoup de connaissances et conf\u00e9r\u00e9 des dipl\u00f4mes rang\u00e9s dans mon classeur. \u00bb[\/fusion_text][fusion_button link=&#8221;https:\/\/www.pathlessyoga.com\/fr\/article\/entrevue-avec-joan-ruvinsky\/&#8221; text_transform=&#8221;&#8221; title=&#8221;&#8221; target=&#8221;_self&#8221; link_attributes=&#8221;&#8221; alignment=&#8221;left&#8221; modal=&#8221;&#8221; hide_on_mobile=&#8221;small-visibility,medium-visibility,large-visibility&#8221; class=&#8221;&#8221; id=&#8221;&#8221; color=&#8221;default&#8221; button_gradient_top_color=&#8221;&#8221; button_gradient_bottom_color=&#8221;&#8221; button_gradient_top_color_hover=&#8221;&#8221; button_gradient_bottom_color_hover=&#8221;&#8221; accent_color=&#8221;&#8221; accent_hover_color=&#8221;&#8221; type=&#8221;&#8221; bevel_color=&#8221;&#8221; border_width=&#8221;&#8221; size=&#8221;medium&#8221; stretch=&#8221;default&#8221; shape=&#8221;&#8221; icon=&#8221;&#8221; icon_position=&#8221;left&#8221; icon_divider=&#8221;no&#8221; animation_type=&#8221;&#8221; animation_direction=&#8221;left&#8221; animation_speed=&#8221;0.3&#8243; animation_offset=&#8221;&#8221;]lire l&#8217;entrevue complet[\/fusion_button][fusion_separator style_type=&#8221;single solid&#8221; hide_on_mobile=&#8221;small-visibility,medium-visibility,large-visibility&#8221; class=&#8221;&#8221; id=&#8221;&#8221; sep_color=&#8221;&#8221; top_margin=&#8221;&#8221; bottom_margin=&#8221;&#8221; border_size=&#8221;&#8221; icon=&#8221;&#8221; icon_circle=&#8221;&#8221; icon_circle_color=&#8221;&#8221; width=&#8221;&#8221; alignment=&#8221;center&#8221; \/][fusion_menu_anchor name=&#8221;article&#8221; class=&#8221;&#8221; \/][fusion_text columns=&#8221;&#8221; column_min_width=&#8221;&#8221; column_spacing=&#8221;&#8221; rule_style=&#8221;default&#8221; rule_size=&#8221;&#8221; rule_color=&#8221;&#8221; hide_on_mobile=&#8221;small-visibility,medium-visibility,large-visibility&#8221; class=&#8221;p2&#8243; id=&#8221;&#8221;]<\/p>\n<h2>le yoga de la non-dualit\u00e9<\/h2>\n<p><em>le yoga de la non-dualit\u00e9 : une autre perspective \u00bb article par joan publi\u00e9 dans \u00ab la voix du centre \u00bb vol. 16, no. 1<\/em><\/p>\n<p>Le seul fait de l\u2019\u00e9noncer, \u00ab le yoga de la non-dualit\u00e9 \u00bb, fait surgir son oppos\u00e9 \u2014 \u00ab le yoga de la dualit\u00e9 \u00bb, ce qui nous place dans une situation un peu absurde, comme s\u2019il y avait deux yogas. Une telle division constituerait une rupture de l\u2019unicit\u00e9 que le yoga repr\u00e9sente. N\u00e9anmoins, il faut exiger de la parole qu\u2019elle exprime l\u2019indicible, qu\u2019elle concr\u00e9tise ce qui ne pourrait jamais \u00eatre limit\u00e9. Donc, faisons semblant que toute expression ne trahirait gu\u00e8re le tissu sans agrafe, et essayons de construire des ch\u00e2teaux de sable pour la haute mar\u00e9e qui va les effacer.<\/p>\n<p>\u00c0 travers l\u2019histoire de yoga, \u00e0 des \u00e9poques qui remontent loin dans la brume du pass\u00e9, plusieurs positions philosophiques ont \u00e9t\u00e9 construites \u00e0 partir des profondeurs des exp\u00e9riences des sages. Certains disaient que le monde existe, qu\u2019il y a une r\u00e9alit\u00e9 objective et tangible dont on peut \u00eatre le T\u00e9moin. D\u2019autres constataient que le monde est irr\u00e9el, que tout ce qui appara\u00eet n\u2019est qu\u2019une illusion. De plus, d\u2019autres maintenaient que toute existence est une \u00e9manation de l\u2019Absolu, pas du tout s\u00e9par\u00e9 de sa source.[\/fusion_text][fusion_button link=&#8221;https:\/\/www.pathlessyoga.com\/fr\/article\/le-yoga-de-la-non-dualite\/&#8221; text_transform=&#8221;&#8221; title=&#8221;&#8221; target=&#8221;_self&#8221; link_attributes=&#8221;&#8221; alignment=&#8221;left&#8221; modal=&#8221;&#8221; hide_on_mobile=&#8221;small-visibility,medium-visibility,large-visibility&#8221; class=&#8221;&#8221; id=&#8221;&#8221; color=&#8221;default&#8221; button_gradient_top_color=&#8221;&#8221; button_gradient_bottom_color=&#8221;&#8221; button_gradient_top_color_hover=&#8221;&#8221; button_gradient_bottom_color_hover=&#8221;&#8221; accent_color=&#8221;&#8221; accent_hover_color=&#8221;&#8221; type=&#8221;&#8221; bevel_color=&#8221;&#8221; border_width=&#8221;&#8221; size=&#8221;medium&#8221; stretch=&#8221;default&#8221; shape=&#8221;&#8221; icon=&#8221;&#8221; icon_position=&#8221;left&#8221; icon_divider=&#8221;no&#8221; animation_type=&#8221;&#8221; animation_direction=&#8221;left&#8221; animation_speed=&#8221;0.3&#8243; animation_offset=&#8221;&#8221;]lire l&#8217;article[\/fusion_button][fusion_separator style_type=&#8221;single solid&#8221; hide_on_mobile=&#8221;small-visibility,medium-visibility,large-visibility&#8221; class=&#8221;&#8221; id=&#8221;&#8221; sep_color=&#8221;&#8221; top_margin=&#8221;&#8221; bottom_margin=&#8221;&#8221; border_size=&#8221;&#8221; icon=&#8221;&#8221; icon_circle=&#8221;&#8221; icon_circle_color=&#8221;&#8221; width=&#8221;&#8221; alignment=&#8221;center&#8221; \/][fusion_menu_anchor name=&#8221;videos&#8221; class=&#8221;&#8221; \/][fusion_text columns=&#8221;&#8221; column_min_width=&#8221;&#8221; column_spacing=&#8221;&#8221; rule_style=&#8221;default&#8221; rule_size=&#8221;&#8221; rule_color=&#8221;&#8221; hide_on_mobile=&#8221;small-visibility,medium-visibility,large-visibility&#8221; class=&#8221;p2&#8243; id=&#8221;&#8221;]<\/p>\n<h2>vid\u00e9os<\/h2>\n<p><iframe title=\"Joan Ruvinsky on Forgetting and Remembering\" width=\"800\" height=\"600\" src=\"https:\/\/www.youtube.com\/embed\/mdeWeiAGlM4?feature=oembed\" frameborder=\"0\" allow=\"accelerometer; autoplay; encrypted-media; gyroscope; picture-in-picture\" allowfullscreen><\/iframe><\/p>\n<p><iframe title=\"The Radical Joy of Facing Death: Joan Ruvinsky\" width=\"800\" height=\"450\" src=\"https:\/\/www.youtube.com\/embed\/0PE-7XVl3UE?feature=oembed\" frameborder=\"0\" allow=\"accelerometer; autoplay; encrypted-media; gyroscope; picture-in-picture\" allowfullscreen><\/iframe><\/p>\n<p>[\/fusion_text][fusion_separator style_type=&#8221;single solid&#8221; hide_on_mobile=&#8221;small-visibility,medium-visibility,large-visibility&#8221; class=&#8221;&#8221; id=&#8221;&#8221; sep_color=&#8221;&#8221; top_margin=&#8221;&#8221; bottom_margin=&#8221;&#8221; border_size=&#8221;&#8221; icon=&#8221;&#8221; icon_circle=&#8221;&#8221; icon_circle_color=&#8221;&#8221; width=&#8221;&#8221; alignment=&#8221;center&#8221; \/][fusion_menu_anchor name=&#8221;books&#8221; class=&#8221;&#8221; \/][fusion_text columns=&#8221;&#8221; column_min_width=&#8221;&#8221; column_spacing=&#8221;&#8221; rule_style=&#8221;default&#8221; rule_size=&#8221;&#8221; rule_color=&#8221;&#8221; hide_on_mobile=&#8221;small-visibility,medium-visibility,large-visibility&#8221; class=&#8221;p2&#8243; id=&#8221;&#8221;]<\/p>\n<h2>livres<\/h2>\n<p><a href=\"https:\/\/www.pathlessyoga.com\/fr\/the-recognition-of-our-own-heart\/\"><img fetchpriority=\"high\" decoding=\"async\" class=\"alignleft size-full wp-image-1446\" src=\"https:\/\/www.pathlessyoga.com\/wp-content\/uploads\/2019\/04\/reco-315h-1.jpg\" alt=\"\" width=\"221\" height=\"315\" srcset=\"https:\/\/www.pathlessyoga.com\/wp-content\/uploads\/2019\/04\/reco-315h-1.jpg 221w, https:\/\/www.pathlessyoga.com\/wp-content\/uploads\/2019\/04\/reco-315h-1-210x300.jpg 210w, https:\/\/www.pathlessyoga.com\/wp-content\/uploads\/2019\/04\/reco-315h-1-200x285.jpg 200w\" sizes=\"(max-width: 221px) 100vw, 221px\" \/><\/a> <a href=\"https:\/\/www.pathlessyoga.com\/fr\/read\/#thiswind\"><img decoding=\"async\" class=\"alignleft wp-image-1259 size-full\" src=\"https:\/\/www.pathlessyoga.com\/wp-content\/uploads\/2019\/04\/Joan_This-Wind-210.jpg\" alt=\"\" width=\"210\" height=\"315\" srcset=\"https:\/\/www.pathlessyoga.com\/wp-content\/uploads\/2019\/04\/Joan_This-Wind-210.jpg 210w, https:\/\/www.pathlessyoga.com\/wp-content\/uploads\/2019\/04\/Joan_This-Wind-210-200x300.jpg 200w\" sizes=\"(max-width: 210px) 100vw, 210px\" \/><\/a><\/p>\n<p>[\/fusion_text][fusion_separator style_type=&#8221;single solid&#8221; hide_on_mobile=&#8221;small-visibility,medium-visibility,large-visibility&#8221; class=&#8221;&#8221; id=&#8221;&#8221; sep_color=&#8221;&#8221; top_margin=&#8221;&#8221; bottom_margin=&#8221;&#8221; border_size=&#8221;&#8221; icon=&#8221;&#8221; icon_circle=&#8221;&#8221; icon_circle_color=&#8221;&#8221; width=&#8221;&#8221; alignment=&#8221;center&#8221; \/][\/fusion_builder_column][\/fusion_builder_row][\/fusion_builder_container]<\/p>\n","protected":false},"excerpt":{"rendered":"<p>[fusion_builder_container admin_label=&#8221;Hero&#8221; hundred_percent=&#8221;no&#8221; hundred_percent_height=&#8221;no&#8221; hundred_percent_height_scroll=&#8221;no&#8221; hundred_percent_height_center_content=&#8221;yes&#8221; equal_height_columns=&#8221;no&#8221; menu_anchor=&#8221;&#8221; hide_on_mobile=&#8221;small-visibility,medium-visibility,large-visibility&#8221; status=&#8221;published&#8221; publish_date=&#8221;&#8221; class=&#8221;&#8221; id=&#8221;&#8221; background_color=&#8221;&#8221; background_image=&#8221;https:\/\/www.pathlessyoga.com\/wp-content\/uploads\/2019\/04\/Joans-page.jpg&#8221; background_position=&#8221;center center&#8221; background_repeat=&#8221;no-repeat&#8221; fade=&#8221;no&#8221; background_parallax=&#8221;up&#8221; enable_mobile=&#8221;no&#8221; parallax_speed=&#8221;0.2&#8243; video_mp4=&#8221;&#8221; video_webm=&#8221;&#8221; video_ogv=&#8221;&#8221; video_url=&#8221;&#8221; video_aspect_ratio=&#8221;16:9&#8243; video_loop=&#8221;yes&#8221; video_mute=&#8221;yes&#8221; video_preview_image=&#8221;&#8221; border_size=&#8221;&#8221; border_color=&#8221;&#8221; border_style=&#8221;solid&#8221; margin_top=&#8221;&#8221; margin_bottom=&#8221;&#8221; padding_top=&#8221;150&#8243; padding_right=&#8221;&#8221; padding_bottom=&#8221;150&#8243; padding_left=&#8221;&#8221;][fusion_builder_row][fusion_builder_column type=&#8221;1_1&#8243; layout=&#8221;1_1&#8243; spacing=&#8221;&#8221; center_content=&#8221;no&#8221; link=&#8221;&#8221; target=&#8221;_self&#8221; min_height=&#8221;&#8221; hide_on_mobile=&#8221;small-visibility,medium-visibility,large-visibility&#8221; class=&#8221;&#8221; id=&#8221;&#8221; background_image_id=&#8221;&#8221; background_color=&#8221;&#8221; background_image=&#8221;&#8221; background_position=&#8221;left top&#8221; undefined=&#8221;&#8221; [&hellip;]<\/p>\n","protected":false},"author":1,"featured_media":0,"parent":0,"menu_order":0,"comment_status":"closed","ping_status":"closed","template":"","meta":{"_acf_changed":false,"footnotes":""},"class_list":["post-1514","page","type-page","status-publish","hentry"],"acf":[],"_links":{"self":[{"href":"https:\/\/www.pathlessyoga.com\/fr\/wp-json\/wp\/v2\/pages\/1514","targetHints":{"allow":["GET"]}}],"collection":[{"href":"https:\/\/www.pathlessyoga.com\/fr\/wp-json\/wp\/v2\/pages"}],"about":[{"href":"https:\/\/www.pathlessyoga.com\/fr\/wp-json\/wp\/v2\/types\/page"}],"author":[{"embeddable":true,"href":"https:\/\/www.pathlessyoga.com\/fr\/wp-json\/wp\/v2\/users\/1"}],"replies":[{"embeddable":true,"href":"https:\/\/www.pathlessyoga.com\/fr\/wp-json\/wp\/v2\/comments?post=1514"}],"version-history":[{"count":8,"href":"https:\/\/www.pathlessyoga.com\/fr\/wp-json\/wp\/v2\/pages\/1514\/revisions"}],"predecessor-version":[{"id":1619,"href":"https:\/\/www.pathlessyoga.com\/fr\/wp-json\/wp\/v2\/pages\/1514\/revisions\/1619"}],"wp:attachment":[{"href":"https:\/\/www.pathlessyoga.com\/fr\/wp-json\/wp\/v2\/media?parent=1514"}],"curies":[{"name":"wp","href":"https:\/\/api.w.org\/{rel}","templated":true}]}}