{"id":1791,"date":"2019-07-26T17:29:58","date_gmt":"2019-07-26T17:29:58","guid":{"rendered":"https:\/\/www.pathlessyoga.com\/kathleen\/"},"modified":"2019-09-09T13:50:58","modified_gmt":"2019-09-09T13:50:58","slug":"kathleen","status":"publish","type":"page","link":"https:\/\/www.pathlessyoga.com\/fr\/kathleen\/","title":{"rendered":"kathleen"},"content":{"rendered":"\t\t<div data-elementor-type=\"wp-page\" data-elementor-id=\"1791\" class=\"elementor elementor-1791\" data-elementor-post-type=\"page\">\n\t\t\t\t\t\t<section class=\"elementor-section elementor-top-section elementor-element elementor-element-20186fc elementor-section-stretched elementor-section-full_width elementor-section-height-min-height elementor-section-height-default elementor-section-items-middle\" data-id=\"20186fc\" data-element_type=\"section\" data-e-type=\"section\" data-settings=\"{&quot;stretch_section&quot;:&quot;section-stretched&quot;,&quot;background_background&quot;:&quot;classic&quot;}\">\n\t\t\t\t\t\t<div class=\"elementor-container elementor-column-gap-default\">\n\t\t\t\t\t<div class=\"elementor-column elementor-col-100 elementor-top-column elementor-element elementor-element-bbdf611\" data-id=\"bbdf611\" data-element_type=\"column\" data-e-type=\"column\">\n\t\t\t<div class=\"elementor-widget-wrap\">\n\t\t\t\t\t\t\t<\/div>\n\t\t<\/div>\n\t\t\t\t\t<\/div>\n\t\t<\/section>\n\t\t\t\t<section class=\"elementor-section elementor-top-section elementor-element elementor-element-955a67d elementor-section-boxed elementor-section-height-default elementor-section-height-default\" data-id=\"955a67d\" data-element_type=\"section\" data-e-type=\"section\">\n\t\t\t\t\t\t<div class=\"elementor-container elementor-column-gap-default\">\n\t\t\t\t\t<div class=\"elementor-column elementor-col-33 elementor-top-column elementor-element elementor-element-289100f\" data-id=\"289100f\" data-element_type=\"column\" data-e-type=\"column\">\n\t\t\t<div class=\"elementor-widget-wrap elementor-element-populated\">\n\t\t\t\t\t\t<div class=\"elementor-element elementor-element-d0ec166 elementor-widget elementor-widget-text-editor\" data-id=\"d0ec166\" data-element_type=\"widget\" data-e-type=\"widget\" data-settings=\"{&quot;sticky&quot;:&quot;top&quot;,&quot;sticky_offset&quot;:60,&quot;sticky_parent&quot;:&quot;yes&quot;,&quot;sticky_on&quot;:[&quot;desktop&quot;,&quot;tablet&quot;,&quot;mobile&quot;],&quot;sticky_effects_offset&quot;:0,&quot;sticky_anchor_link_offset&quot;:0}\" data-widget_type=\"text-editor.default\">\n\t\t\t\t<div class=\"elementor-widget-container\">\n\t\t\t\t\t\t\t\t\t<p><a href=\"#gatherings\">recontres<\/a><br \/><a href=\"#schedule\">horraire<\/a><br \/><a href=\"#retreats\">\u00e9v\u00e9nemens<\/a><br \/><a href=\"#private\">sessions priv\u00e9es<\/a><br \/><a href=\"#kathleen\">kathleen knipp<\/a><\/p>\t\t\t\t\t\t\t\t<\/div>\n\t\t\t\t<\/div>\n\t\t\t\t\t<\/div>\n\t\t<\/div>\n\t\t\t\t<div class=\"elementor-column elementor-col-66 elementor-top-column elementor-element elementor-element-684aa94\" data-id=\"684aa94\" data-element_type=\"column\" data-e-type=\"column\">\n\t\t\t<div class=\"elementor-widget-wrap elementor-element-populated\">\n\t\t\t\t\t\t<div class=\"elementor-element elementor-element-e83f5cb elementor-widget elementor-widget-menu-anchor\" data-id=\"e83f5cb\" data-element_type=\"widget\" data-e-type=\"widget\" data-widget_type=\"menu-anchor.default\">\n\t\t\t\t<div class=\"elementor-widget-container\">\n\t\t\t\t\t\t\t<div class=\"elementor-menu-anchor\" id=\"gathering\"><\/div>\n\t\t\t\t\t\t<\/div>\n\t\t\t\t<\/div>\n\t\t\t\t<div class=\"elementor-element elementor-element-e14b88f elementor-widget elementor-widget-heading\" data-id=\"e14b88f\" data-element_type=\"widget\" data-e-type=\"widget\" data-widget_type=\"heading.default\">\n\t\t\t\t<div class=\"elementor-widget-container\">\n\t\t\t\t\t<h1 class=\"elementor-heading-title elementor-size-default\">les rencontres hebdomadaires<\/h1>\t\t\t\t<\/div>\n\t\t\t\t<\/div>\n\t\t\t\t<div class=\"elementor-element elementor-element-f53bfd8 elementor-widget elementor-widget-heading\" data-id=\"f53bfd8\" data-element_type=\"widget\" data-e-type=\"widget\" data-widget_type=\"heading.default\">\n\t\t\t\t<div class=\"elementor-widget-container\">\n\t\t\t\t\t<h3 class=\"elementor-heading-title elementor-size-default\">yoga m\u00e9ditatif \/ yoga de la voie sans voie \/ ressenti du corps et du souffle \/ yoga du cachemire<\/h3>\t\t\t\t<\/div>\n\t\t\t\t<\/div>\n\t\t\t\t<div class=\"elementor-element elementor-element-d0646cd elementor-widget elementor-widget-text-editor\" data-id=\"d0646cd\" data-element_type=\"widget\" data-e-type=\"widget\" data-widget_type=\"text-editor.default\">\n\t\t\t\t<div class=\"elementor-widget-container\">\n\t\t\t\t\t\t\t\t\t<p>Nommez-le tel que vous le voulez.<\/p>\n<p>Il s\u2019agit d\u2019une approche non-duelle du yoga proposant le mouvement tranquille, doux et non-volontaire comme un portail vers l\u2019espace fondamental que nous sommes.<\/p>\n<p>Par le biais de mouvements guid\u00e9s, par le ressenti du corps et du souffle, nous investiguons l\u2019authentique exp\u00e9rience du corps, libre de toust concepts ou images, l\u2019accordant doucement afin qu\u2019elle retrouve sa vibration avec le courant profond de la vie.<br>L\u2019\u00e9coute est au c\u0153ur de la pratique.<\/p>\n<p>Rien \u00e0 am\u00e9liorer. Rien \u00e0 changer. Rien \u00e0 accomplir. Nulle exp\u00e9rience, comp\u00e9tence, discipline ou flexibilit\u00e9 n\u2019est requise; simplement une attitude de curiosit\u00e9 enjou\u00e9e.<\/p>\t\t\t\t\t\t\t\t<\/div>\n\t\t\t\t<\/div>\n\t\t\t\t<div class=\"elementor-element elementor-element-42bf03b elementor-widget elementor-widget-heading\" data-id=\"42bf03b\" data-element_type=\"widget\" data-e-type=\"widget\" data-widget_type=\"heading.default\">\n\t\t\t\t<div class=\"elementor-widget-container\">\n\t\t\t\t\t<h3 class=\"elementor-heading-title elementor-size-default\">yoga nidra\n<\/h3>\t\t\t\t<\/div>\n\t\t\t\t<\/div>\n\t\t\t\t<div class=\"elementor-element elementor-element-8a04ee3 elementor-widget elementor-widget-text-editor\" data-id=\"8a04ee3\" data-element_type=\"widget\" data-e-type=\"widget\" data-widget_type=\"text-editor.default\">\n\t\t\t\t<div class=\"elementor-widget-container\">\n\t\t\t\t\t\t\t\t\t<p><em>(aussi offert en session individuelle)<\/em><\/p><p>Reposant dans la tranquillit\u00e9, nous sommes profond\u00e9ment attentifs \u00e0 ce qui veut \u00eatre vu, senti ou entendu. En nous rencontrant tels que nous-sommes, des tensions, des \u00e9motions et des concepts devenus inutiles pourront \u00eatre lib\u00e9r\u00e9s, r\u00e9v\u00e9lant ainsi notre \u00e9tat naturel de transparence.<\/p><p>Le yoga nidra est une technique m\u00e9ditative simple, centr\u00e9e sur le corps, pratiqu\u00e9e tout en se reposant confortablement. Litt\u00e9ralement \u00ab le sommeil du yogi \u00bb, il s\u2019agit d\u2019une ancienne pratique du yoga tantrique de relaxation profonde et d\u2019investigation m\u00e9ditative guid\u00e9e qui lib\u00e8re des sch\u00e9mas de pens\u00e9es n\u00e9gatives, qui calme le syst\u00e8me nerveux et aide \u00e0 d\u00e9velopper la capacit\u00e9 d\u2019\u00eatre avec tout ce que la vie pr\u00e9sente. C\u2019est aussi une exp\u00e9rience d\u2019investigation con\u00e7ue pour faciliter la reconnaissance de notre nature essentielle.<\/p>\t\t\t\t\t\t\t\t<\/div>\n\t\t\t\t<\/div>\n\t\t\t\t<div class=\"elementor-element elementor-element-78014af elementor-widget elementor-widget-menu-anchor\" data-id=\"78014af\" data-element_type=\"widget\" data-e-type=\"widget\" data-widget_type=\"menu-anchor.default\">\n\t\t\t\t<div class=\"elementor-widget-container\">\n\t\t\t\t\t\t\t<div class=\"elementor-menu-anchor\" id=\"schedule\"><\/div>\n\t\t\t\t\t\t<\/div>\n\t\t\t\t<\/div>\n\t\t\t\t<div class=\"elementor-element elementor-element-72492ca elementor-widget-divider--view-line elementor-widget elementor-widget-divider\" data-id=\"72492ca\" data-element_type=\"widget\" data-e-type=\"widget\" data-widget_type=\"divider.default\">\n\t\t\t\t<div class=\"elementor-widget-container\">\n\t\t\t\t\t\t\t<div class=\"elementor-divider\">\n\t\t\t<span class=\"elementor-divider-separator\">\n\t\t\t\t\t\t<\/span>\n\t\t<\/div>\n\t\t\t\t\t\t<\/div>\n\t\t\t\t<\/div>\n\t\t\t\t<div class=\"elementor-element elementor-element-5173f36 elementor-widget elementor-widget-heading\" data-id=\"5173f36\" data-element_type=\"widget\" data-e-type=\"widget\" data-widget_type=\"heading.default\">\n\t\t\t\t<div class=\"elementor-widget-container\">\n\t\t\t\t\t<h2 class=\"elementor-heading-title elementor-size-default\">horaire<\/h2>\t\t\t\t<\/div>\n\t\t\t\t<\/div>\n\t\t\t\t<div class=\"elementor-element elementor-element-2f2c4c2 elementor-widget elementor-widget-global elementor-global-1797 elementor-widget-text-editor\" data-id=\"2f2c4c2\" data-element_type=\"widget\" data-e-type=\"widget\" data-widget_type=\"text-editor.default\">\n\t\t\t\t<div class=\"elementor-widget-container\">\n\t\t\t\t\t\t\t\t\t<p><strong>horaire d&#8217;hiver: 11 janvier au 22 mars:<\/strong><\/p><table style=\"width: 88.822%; border-collapse: collapse;\"><tbody><tr style=\"border-bottom: 1px solid white;\"><td style=\"width: 34.2285%;\">mardi:<\/td><td style=\"width: 65.7715%;\">\u00a0<\/td><\/tr><tr><td style=\"width: 34.2285%;\">6 &#8211; 7 pm<\/td><td style=\"width: 65.7715%;\">yoga m\u00e9ditatif<\/td><\/tr><tr><td style=\"width: 34.2285%;\">7:30 &#8211; 8:30 pm<\/td><td style=\"width: 65.7715%;\">yoga nidra<\/td><\/tr><tr><td style=\"width: 34.2285%;\">\u00a0<\/td><td style=\"width: 65.7715%;\">\u00a0<\/td><\/tr><tr style=\"border-bottom: 1px solid white;\"><td style=\"width: 34.2285%;\">mercredi:<\/td><td style=\"width: 65.7715%;\">\u00a0<\/td><\/tr><tr><td style=\"width: 34.2285%;\">10 -11 am<\/td><td style=\"width: 65.7715%;\">yoga nidra<\/td><\/tr><tr><td style=\"width: 34.2285%;\">11 &#8211; midi<\/td><td style=\"width: 65.7715%;\">yoga m\u00e9ditatif<\/td><\/tr><tr><td style=\"width: 34.2285%;\">\u00a0<\/td><td style=\"width: 65.7715%;\">\u00a0<\/td><\/tr><tr style=\"border-bottom: 1px solid white;\"><td style=\"width: 34.2285%;\">jeudi<\/td><td style=\"width: 65.7715%;\">\u00a0<\/td><\/tr><tr><td style=\"width: 34.2285%;\">8-8:45 am<\/td><td style=\"width: 65.7715%;\">*s\u00e9ance de m\u00e9ditation ouverte<\/td><\/tr><tr><td style=\"width: 34.2285%;\">\u00a0<\/td><td style=\"width: 65.7715%;\">\u00a0<\/td><\/tr><\/tbody><\/table><table style=\"display: none; border-collapse: collapse; width: 100%; height: 96px;\"><tbody><tr style=\"height: 48px; border-style: solid; border-width: 0px 0px 1px 0px; border-color: #ffffff;\"><td style=\"width: 50%; height: 48px;\">Tuesdays<\/td><td style=\"width: 50%; height: 48px;\">May 21, 28 and June 4, 11, 18, 25<\/td><\/tr><tr style=\"height: 24px;\"><td style=\"width: 50%; height: 24px;\">Meditative Yoga<\/td><td style=\"width: 50%; height: 24px;\">6:30 \u2013 7:30 PM<\/td><\/tr><tr style=\"height: 24px;\"><td style=\"width: 50%; height: 24px;\">Yoga Nidra<\/td><td style=\"width: 50%; height: 24px;\">7:45 \u2013 8:45 PM<\/td><\/tr><\/tbody><\/table><table style=\"display: none; border-collapse: collapse; width: 100%; height: 96px;\"><tbody><tr style=\"height: 48px; border-style: solid; border-width: 0px 0px 1px 0px; border-color: #ffffff;\"><td style=\"width: 50%; height: 48px;\">Wednesday<\/td><td style=\"width: 50%; height: 48px;\">May 21, 28 and June 4, 11, 18, 25<\/td><\/tr><tr style=\"height: 24px;\"><td style=\"width: 50%; height: 24px;\">Meditative Yoga<\/td><td style=\"width: 50%; height: 24px;\">6:30 \u2013 7:30 PM<\/td><\/tr><tr style=\"height: 24px;\"><td style=\"width: 50%; height: 24px;\">Yoga Nidra<\/td><td style=\"width: 50%; height: 24px;\">7:45 \u2013 8:45 PM<\/td><\/tr><\/tbody><\/table>\t\t\t\t\t\t\t\t<\/div>\n\t\t\t\t<\/div>\n\t\t\t\t<div class=\"elementor-element elementor-element-2b565e9 elementor-widget elementor-widget-menu-anchor\" data-id=\"2b565e9\" data-element_type=\"widget\" data-e-type=\"widget\" data-widget_type=\"menu-anchor.default\">\n\t\t\t\t<div class=\"elementor-widget-container\">\n\t\t\t\t\t\t\t<div class=\"elementor-menu-anchor\" id=\"retreats\"><\/div>\n\t\t\t\t\t\t<\/div>\n\t\t\t\t<\/div>\n\t\t\t\t<div class=\"elementor-element elementor-element-574911e elementor-widget-divider--view-line elementor-widget elementor-widget-divider\" data-id=\"574911e\" data-element_type=\"widget\" data-e-type=\"widget\" data-widget_type=\"divider.default\">\n\t\t\t\t<div class=\"elementor-widget-container\">\n\t\t\t\t\t\t\t<div class=\"elementor-divider\">\n\t\t\t<span class=\"elementor-divider-separator\">\n\t\t\t\t\t\t<\/span>\n\t\t<\/div>\n\t\t\t\t\t\t<\/div>\n\t\t\t\t<\/div>\n\t\t\t\t<div class=\"elementor-element elementor-element-958d034 elementor-widget elementor-widget-heading\" data-id=\"958d034\" data-element_type=\"widget\" data-e-type=\"widget\" data-widget_type=\"heading.default\">\n\t\t\t\t<div class=\"elementor-widget-container\">\n\t\t\t\t\t<h2 class=\"elementor-heading-title elementor-size-default\">\u00e9v\u00e9nements \u00e0 venir<\/h2>\t\t\t\t<\/div>\n\t\t\t\t<\/div>\n\t\t\t\t<div class=\"elementor-element elementor-element-05f3c58 elementor-widget elementor-widget-global elementor-global-2299 elementor-widget-heading\" data-id=\"05f3c58\" data-element_type=\"widget\" data-e-type=\"widget\" data-widget_type=\"heading.default\">\n\t\t\t\t<div class=\"elementor-widget-container\">\n\t\t\t\t\t<h4 class=\"elementor-heading-title elementor-size-default\">retour \u00e0 la source: retraite silencieuse de 3 jours <br>columbia mo, 13 au 15 septembre\n\n<\/h4>\t\t\t\t<\/div>\n\t\t\t\t<\/div>\n\t\t\t\t<section class=\"elementor-section elementor-inner-section elementor-element elementor-element-29da28a elementor-section-boxed elementor-section-height-default elementor-section-height-default\" data-id=\"29da28a\" data-element_type=\"section\" data-e-type=\"section\">\n\t\t\t\t\t\t<div class=\"elementor-container elementor-column-gap-default\">\n\t\t\t\t\t<div class=\"elementor-column elementor-col-50 elementor-inner-column elementor-element elementor-element-d92b4be\" data-id=\"d92b4be\" data-element_type=\"column\" data-e-type=\"column\">\n\t\t\t<div class=\"elementor-widget-wrap elementor-element-populated\">\n\t\t\t\t\t\t<div class=\"elementor-element elementor-element-e12fa63 elementor-widget elementor-widget-global elementor-global-2302 elementor-widget-text-editor\" data-id=\"e12fa63\" data-element_type=\"widget\" data-e-type=\"widget\" data-widget_type=\"text-editor.default\">\n\t\t\t\t<div class=\"elementor-widget-container\">\n\t\t\t\t\t\t\t\t\tAucune pratique cr\u00e9e Ceci, et rien ne peut l&#8217;enlever, et pourtant&#8230; nous sommes appel\u00e9s&#8230; cette lumi\u00e8re sans forme et omni-pr\u00e9sente, s&#8217;invite \u00e0 sa propre source.\t\t\t\t\t\t\t\t<\/div>\n\t\t\t\t<\/div>\n\t\t\t\t\t<\/div>\n\t\t<\/div>\n\t\t\t\t<div class=\"elementor-column elementor-col-50 elementor-inner-column elementor-element elementor-element-250f75a\" data-id=\"250f75a\" data-element_type=\"column\" data-e-type=\"column\">\n\t\t\t<div class=\"elementor-widget-wrap elementor-element-populated\">\n\t\t\t\t\t\t<div class=\"elementor-element elementor-element-27f6a3c elementor-widget elementor-widget-global elementor-global-2305 elementor-widget-text-editor\" data-id=\"27f6a3c\" data-element_type=\"widget\" data-e-type=\"widget\" data-widget_type=\"text-editor.default\">\n\t\t\t\t<div class=\"elementor-widget-container\">\n\t\t\t\t\t\t\t\t\t<p>La retraite est compl\u00e8te.<\/p>\t\t\t\t\t\t\t\t<\/div>\n\t\t\t\t<\/div>\n\t\t\t\t\t<\/div>\n\t\t<\/div>\n\t\t\t\t\t<\/div>\n\t\t<\/section>\n\t\t\t\t<div class=\"elementor-element elementor-element-a71460c elementor-widget elementor-widget-global elementor-global-2308 elementor-widget-heading\" data-id=\"a71460c\" data-element_type=\"widget\" data-e-type=\"widget\" data-widget_type=\"heading.default\">\n\t\t\t\t<div class=\"elementor-widget-container\">\n\t\t\t\t\t<h4 class=\"elementor-heading-title elementor-size-default\">the recognition of our own heart:<br> une aventure d'une fin de semaine dans la pratique et l'\u00e9tude\n<\/h4>\t\t\t\t<\/div>\n\t\t\t\t<\/div>\n\t\t\t\t<section class=\"elementor-section elementor-inner-section elementor-element elementor-element-a64c0c4 elementor-section-boxed elementor-section-height-default elementor-section-height-default\" data-id=\"a64c0c4\" data-element_type=\"section\" data-e-type=\"section\">\n\t\t\t\t\t\t<div class=\"elementor-container elementor-column-gap-default\">\n\t\t\t\t\t<div class=\"elementor-column elementor-col-50 elementor-inner-column elementor-element elementor-element-093e661\" data-id=\"093e661\" data-element_type=\"column\" data-e-type=\"column\">\n\t\t\t<div class=\"elementor-widget-wrap elementor-element-populated\">\n\t\t\t\t\t\t<div class=\"elementor-element elementor-element-04cb20d elementor-widget elementor-widget-global elementor-global-2311 elementor-widget-text-editor\" data-id=\"04cb20d\" data-element_type=\"widget\" data-e-type=\"widget\" data-widget_type=\"text-editor.default\">\n\t\t\t\t<div class=\"elementor-widget-container\">\n\t\t\t\t\t\t\t\t\t<p><span style=\"font-size: 1em;\">Montreal, QC\u00a0 \u00a0 \u00a0 \u00a0 \u00a0 1 &#8211; 3 novembre<\/span><\/p><p>Columbia, MO\u00a0 \u00a0 \u00a0 \u00a0 15 -17 novembre\u00a0<\/p><p>Tucson, AZ\u00a0 \u00a0 \u00a0 \u00a0 \u00a0 \u00a0 \u00a0 \u00a0janvier 2020<\/p><p>Boise, ID\u00a0 \u00a0 \u00a0 \u00a0 \u00a0 \u00a0 \u00a0 \u00a0 \u00a0 mars 2020\u00a0<\/p>\t\t\t\t\t\t\t\t<\/div>\n\t\t\t\t<\/div>\n\t\t\t\t\t<\/div>\n\t\t<\/div>\n\t\t\t\t<div class=\"elementor-column elementor-col-50 elementor-inner-column elementor-element elementor-element-60320d9\" data-id=\"60320d9\" data-element_type=\"column\" data-e-type=\"column\">\n\t\t\t<div class=\"elementor-widget-wrap elementor-element-populated\">\n\t\t\t\t\t\t<div class=\"elementor-element elementor-element-3ab1bab elementor-widget elementor-widget-global elementor-global-2314 elementor-widget-text-editor\" data-id=\"3ab1bab\" data-element_type=\"widget\" data-e-type=\"widget\" data-widget_type=\"text-editor.default\">\n\t\t\t\t<div class=\"elementor-widget-container\">\n\t\t\t\t\t\t\t\t\t<p>L&#8217;\u00e9tude des \u00e9crits refl\u00e8te l&#8217;\u00e9tude de soi. Le <em>Pratyabhij\u00f1ahrdayam<\/em> sera notre fondation dans cette introduction et exploration de la rencontre du Soi selon la philosophie non-dualist du Shivaisme Cachemirien. Aucune experience est requise dans l&#8217;\u00e9tude de texte. Vous devez simplement avoir un int\u00e9r\u00eat \u00e0 d\u00e9couvrir l&#8217;expression de la Conscience \u00e0 travers votre vie.<\/p>\t\t\t\t\t\t\t\t<\/div>\n\t\t\t\t<\/div>\n\t\t\t\t\t<\/div>\n\t\t<\/div>\n\t\t\t\t\t<\/div>\n\t\t<\/section>\n\t\t\t\t<div class=\"elementor-element elementor-element-3d2b4cb elementor-widget elementor-widget-menu-anchor\" data-id=\"3d2b4cb\" data-element_type=\"widget\" data-e-type=\"widget\" data-widget_type=\"menu-anchor.default\">\n\t\t\t\t<div class=\"elementor-widget-container\">\n\t\t\t\t\t\t\t<div class=\"elementor-menu-anchor\" id=\"private\"><\/div>\n\t\t\t\t\t\t<\/div>\n\t\t\t\t<\/div>\n\t\t\t\t<div class=\"elementor-element elementor-element-eb6b953 elementor-widget-divider--view-line elementor-widget elementor-widget-divider\" data-id=\"eb6b953\" data-element_type=\"widget\" data-e-type=\"widget\" data-widget_type=\"divider.default\">\n\t\t\t\t<div class=\"elementor-widget-container\">\n\t\t\t\t\t\t\t<div class=\"elementor-divider\">\n\t\t\t<span class=\"elementor-divider-separator\">\n\t\t\t\t\t\t<\/span>\n\t\t<\/div>\n\t\t\t\t\t\t<\/div>\n\t\t\t\t<\/div>\n\t\t\t\t<div class=\"elementor-element elementor-element-fcdd550 elementor-widget elementor-widget-heading\" data-id=\"fcdd550\" data-element_type=\"widget\" data-e-type=\"widget\" data-widget_type=\"heading.default\">\n\t\t\t\t<div class=\"elementor-widget-container\">\n\t\t\t\t\t<h2 class=\"elementor-heading-title elementor-size-default\">sessions priv\u00e9es<\/h2>\t\t\t\t<\/div>\n\t\t\t\t<\/div>\n\t\t\t\t<div class=\"elementor-element elementor-element-7255b0d elementor-widget elementor-widget-text-editor\" data-id=\"7255b0d\" data-element_type=\"widget\" data-e-type=\"widget\" data-widget_type=\"text-editor.default\">\n\t\t\t\t<div class=\"elementor-widget-container\">\n\t\t\t\t\t\t\t\t\t<p>Les s\u00e9ances priv\u00e9es sont con\u00e7ues pour r\u00e9pondre \u00e0 vos int\u00e9r\u00eats et peuvent inclure le yoga nidra en individuel, le yoga m\u00e9ditatif ou une combinaison des deux.<\/p>\n<p>yoga nidra individuel<\/p>\n<p>Semblable \u00e0 la pratique du yoga nidra en groupe, mais sans la structure lin\u00e9aire que n\u00e9cessite la pratique avec d\u2019autres, nous nous rencontrons simplement, deux humains, \u00e0 \u00eatre ensemble, dans l\u2019\u00e9coute ouverte, permettant l\u2019espace \u00e0 tout ce qui<br \/>\ncherche \u00e0 \u00e9merger.<\/p>\n<p>Nous commen\u00e7ons notre travail en admettant notre int\u00e9grit\u00e9 inh\u00e9rente, n\u2019essayant pas de r\u00e9parer ou de changer quoi que ce soit. Sans but, nous explorons les sensations corporelles, les \u00e9motions et les croyances, \u00e9coutant profond\u00e9ment ce qui veut \u00eatre le plus vu et entendu, nous rencontrant tels que nous sommes, que nous soyons bloqu\u00e9s, r\u00e9sistants, curieux, anxieux ou d\u00e9prim\u00e9s. Dans un v\u00e9ritable accueil, tout ce qui se pr\u00e9sente se r\u00e9sout de soi-m\u00eame et l\u2019\u00e9tape suivante devient parfaitement claire.<\/p>\n<p>Sur rendez-vous. Appelez Kathleen au 514-885-6841 ou par courriel.<br \/>\n90 $ pour 90 minutes.<\/p>\n\t\t\t\t\t\t\t\t<\/div>\n\t\t\t\t<\/div>\n\t\t\t\t<div class=\"elementor-element elementor-element-411391d elementor-widget elementor-widget-menu-anchor\" data-id=\"411391d\" data-element_type=\"widget\" data-e-type=\"widget\" data-widget_type=\"menu-anchor.default\">\n\t\t\t\t<div class=\"elementor-widget-container\">\n\t\t\t\t\t\t\t<div class=\"elementor-menu-anchor\" id=\"kathleen\"><\/div>\n\t\t\t\t\t\t<\/div>\n\t\t\t\t<\/div>\n\t\t\t\t<div class=\"elementor-element elementor-element-f9d8ea5 elementor-widget-divider--view-line elementor-widget elementor-widget-divider\" data-id=\"f9d8ea5\" data-element_type=\"widget\" data-e-type=\"widget\" data-widget_type=\"divider.default\">\n\t\t\t\t<div class=\"elementor-widget-container\">\n\t\t\t\t\t\t\t<div class=\"elementor-divider\">\n\t\t\t<span class=\"elementor-divider-separator\">\n\t\t\t\t\t\t<\/span>\n\t\t<\/div>\n\t\t\t\t\t\t<\/div>\n\t\t\t\t<\/div>\n\t\t\t\t<div class=\"elementor-element elementor-element-098b456 elementor-widget elementor-widget-heading\" data-id=\"098b456\" data-element_type=\"widget\" data-e-type=\"widget\" data-widget_type=\"heading.default\">\n\t\t\t\t<div class=\"elementor-widget-container\">\n\t\t\t\t\t<h2 class=\"elementor-heading-title elementor-size-default\">kathleen knipp<\/h2>\t\t\t\t<\/div>\n\t\t\t\t<\/div>\n\t\t\t\t<div class=\"elementor-element elementor-element-b208a33 elementor-widget__width-initial elementor-widget elementor-widget-image\" data-id=\"b208a33\" data-element_type=\"widget\" data-e-type=\"widget\" data-widget_type=\"image.default\">\n\t\t\t\t<div class=\"elementor-widget-container\">\n\t\t\t\t\t\t\t\t\t\t\t\t\t\t\t<img decoding=\"async\" src=\"https:\/\/www.pathlessyoga.com\/wp-content\/uploads\/2019\/04\/kathleen-600x600.jpg\" title=\"kathleen\" alt=\"kathleen\" loading=\"lazy\" \/>\t\t\t\t\t\t\t\t\t\t\t\t\t\t\t<\/div>\n\t\t\t\t<\/div>\n\t\t\t\t<div class=\"elementor-element elementor-element-802f1df elementor-widget__width-initial elementor-widget elementor-widget-text-editor\" data-id=\"802f1df\" data-element_type=\"widget\" data-e-type=\"widget\" data-widget_type=\"text-editor.default\">\n\t\t\t\t<div class=\"elementor-widget-container\">\n\t\t\t\t\t\t\t\t\t<p>Profond\u00e9ment influenc\u00e9e par les enseignements non-duels de Jean Klein re\u00e7us par l\u2019entremise de Joan Ruvinsky et \u00c9ric Baret, Kathleen Knipp partage sa passion par l\u2019enseignement du ressenti du corps et du souffle de la voie sans voie, des textes du shiva\u00efsme du Cachemire ainsi que du iRest Yoga Nidra \u00ae \u00e0 Montr\u00e9al et ailleurs au Canada et aux \u00c9tats-Unis. Apr\u00e8s avoir particip\u00e9 au d\u00e9veloppement du programme de formation des enseignants du iRest Yoga Nidra\u00ae sous la direction de Richard Miller, PhD, elle agit en tant que superviseure de la certification des candidats tout en poursuivant une pratique priv\u00e9e de yoga nidra individuelle.<\/p>\t\t\t\t\t\t\t\t<\/div>\n\t\t\t\t<\/div>\n\t\t\t\t<div class=\"elementor-element elementor-element-048aada elementor-widget elementor-widget-text-editor\" data-id=\"048aada\" data-element_type=\"widget\" data-e-type=\"widget\" data-widget_type=\"text-editor.default\">\n\t\t\t\t<div class=\"elementor-widget-container\">\n\t\t\t\t\t\t\t\t\t<p>Apr\u00e8s avoir \u00e9t\u00e9 r\u00e9sidente du Kripalu Center for Yoga and Health, enseignante de yoga E-RYT500 et co-fondatrice et directrice de Global Yoga Journeys, Kathleen s\u2019est totalement absorb\u00e9e dans l\u2019\u00e9tude et la pratique du yoga depuis plus de 20 ans. Elle poursuit sa voie en chantant et en faisant de la randonn\u00e9e en for\u00eat, pr\u00e9f\u00e9rant errer dans les bois et explorer les m\u00e9ditations du Vij\u00f1\u00e2na Bhairava \u00e0 n\u2019importe quelle pratique formelle.<\/p>\n\t\t\t\t\t\t\t\t<\/div>\n\t\t\t\t<\/div>\n\t\t\t\t\t<\/div>\n\t\t<\/div>\n\t\t\t\t\t<\/div>\n\t\t<\/section>\n\t\t\t\t<\/div>\n\t\t","protected":false},"excerpt":{"rendered":"<p>recontreshorraire\u00e9v\u00e9nemenssessions priv\u00e9eskathleen knipp les rencontres hebdomadaires yoga m\u00e9ditatif \/ yoga de la voie sans voie \/ ressenti du corps et du souffle \/ yoga du cachemire Nommez-le tel que vous le voulez. Il s\u2019agit d\u2019une approche non-duelle du yoga proposant le mouvement tranquille, doux et non-volontaire comme un portail vers l\u2019espace fondamental que nous sommes. [&hellip;]<\/p>\n","protected":false},"author":1,"featured_media":0,"parent":0,"menu_order":0,"comment_status":"closed","ping_status":"closed","template":"","meta":{"_acf_changed":false,"footnotes":""},"class_list":["post-1791","page","type-page","status-publish","hentry"],"acf":[],"_links":{"self":[{"href":"https:\/\/www.pathlessyoga.com\/fr\/wp-json\/wp\/v2\/pages\/1791","targetHints":{"allow":["GET"]}}],"collection":[{"href":"https:\/\/www.pathlessyoga.com\/fr\/wp-json\/wp\/v2\/pages"}],"about":[{"href":"https:\/\/www.pathlessyoga.com\/fr\/wp-json\/wp\/v2\/types\/page"}],"author":[{"embeddable":true,"href":"https:\/\/www.pathlessyoga.com\/fr\/wp-json\/wp\/v2\/users\/1"}],"replies":[{"embeddable":true,"href":"https:\/\/www.pathlessyoga.com\/fr\/wp-json\/wp\/v2\/comments?post=1791"}],"version-history":[{"count":14,"href":"https:\/\/www.pathlessyoga.com\/fr\/wp-json\/wp\/v2\/pages\/1791\/revisions"}],"predecessor-version":[{"id":2335,"href":"https:\/\/www.pathlessyoga.com\/fr\/wp-json\/wp\/v2\/pages\/1791\/revisions\/2335"}],"wp:attachment":[{"href":"https:\/\/www.pathlessyoga.com\/fr\/wp-json\/wp\/v2\/media?parent=1791"}],"curies":[{"name":"wp","href":"https:\/\/api.w.org\/{rel}","templated":true}]}}