{"id":9374,"date":"2025-12-08T14:16:49","date_gmt":"2025-12-08T19:16:49","guid":{"rendered":"https:\/\/www.pathlessyoga.com\/?post_type=product&#038;p=9374"},"modified":"2026-04-08T12:26:23","modified_gmt":"2026-04-08T16:26:23","slug":"the-recognition-of-our-own-heart-pratyabhijnah%e1%b9%9bdayam-ebook-pdf","status":"publish","type":"product","link":"https:\/\/www.pathlessyoga.com\/fr\/produit\/the-recognition-of-our-own-heart-pratyabhijnah%e1%b9%9bdayam-ebook-pdf\/","title":{"rendered":"The Recognition of Our Own Heart, Pratyabhij\u00f1\u0101h\u1e5bdayam ebook (PDF)"},"content":{"rendered":"<p>Dans cette traduction interpr\u00e9tative accompagn\u00e9e d\u2019un commentaire du Pratyabhij\u00f1ahrdayam, l\u2019un des textes fondateurs du shiva\u00efsme du Cachemire, Joan Ruvinsky transmet toute la richesse et l\u2019incandescence caract\u00e9ristiques de cette tradition sans perdre de vue les 400 derni\u00e8res ann\u00e9es d\u2019investigation philosophique, de r\u00e9v\u00e9lation spirituelle et de recherche. \u00c0 la fois \u0153uvre po\u00e9tique, manuel guide et livre d\u2019art, The Recognition of Our Own Heart nous invite \u00e0 la d\u00e9couverte de l\u2019inconnu \u2013 \u00e0 vivre directement, d\u2019instant en instant, au c\u0153ur du myst\u00e8re.<\/p>","protected":false},"excerpt":{"rendered":"<p>Dans cette traduction interpr\u00e9tative accompagn\u00e9e d\u2019un commentaire du Pratyabhij\u00f1ahrdayam, l\u2019un des textes fondateurs du shiva\u00efsme du Cachemire, Joan Ruvinsky transmet toute la richesse et l\u2019incandescence caract\u00e9ristiques de cette tradition sans perdre de vue les 400 derni\u00e8res ann\u00e9es d\u2019investigation philosophique, de r\u00e9v\u00e9lation spirituelle et de recherche. \u00c0 la fois \u0153uvre po\u00e9tique, manuel guide et livre d\u2019art, The Recognition of Our Own Heart nous invite \u00e0 la d\u00e9couverte de l\u2019inconnu \u2013 \u00e0 vivre directement, d\u2019instant en instant, au c\u0153ur du myst\u00e8re.<\/p>","protected":false},"featured_media":9376,"template":"","meta":{"_acf_changed":false},"product_brand":[],"product_cat":[107],"product_tag":[],"class_list":{"0":"post-9374","1":"product","2":"type-product","3":"status-publish","4":"has-post-thumbnail","6":"product_cat-ebook","8":"first","9":"instock","10":"downloadable","11":"virtual","12":"purchasable","13":"product-type-simple"},"acf":[],"_links":{"self":[{"href":"https:\/\/www.pathlessyoga.com\/fr\/wp-json\/wp\/v2\/product\/9374","targetHints":{"allow":["GET"]}}],"collection":[{"href":"https:\/\/www.pathlessyoga.com\/fr\/wp-json\/wp\/v2\/product"}],"about":[{"href":"https:\/\/www.pathlessyoga.com\/fr\/wp-json\/wp\/v2\/types\/product"}],"wp:featuredmedia":[{"embeddable":true,"href":"https:\/\/www.pathlessyoga.com\/fr\/wp-json\/wp\/v2\/media\/9376"}],"wp:attachment":[{"href":"https:\/\/www.pathlessyoga.com\/fr\/wp-json\/wp\/v2\/media?parent=9374"}],"wp:term":[{"taxonomy":"product_brand","embeddable":true,"href":"https:\/\/www.pathlessyoga.com\/fr\/wp-json\/wp\/v2\/product_brand?post=9374"},{"taxonomy":"product_cat","embeddable":true,"href":"https:\/\/www.pathlessyoga.com\/fr\/wp-json\/wp\/v2\/product_cat?post=9374"},{"taxonomy":"product_tag","embeddable":true,"href":"https:\/\/www.pathlessyoga.com\/fr\/wp-json\/wp\/v2\/product_tag?post=9374"}],"curies":[{"name":"wp","href":"https:\/\/api.w.org\/{rel}","templated":true}]}}